{"id":125,"date":"2015-11-20T15:42:26","date_gmt":"2015-11-20T14:42:26","guid":{"rendered":"http:\/\/mammut-keller.at\/?page_id=125"},"modified":"2025-12-12T09:35:32","modified_gmt":"2025-12-12T08:35:32","slug":"startseite","status":"publish","type":"page","link":"https:\/\/mammut-keller.at\/","title":{"rendered":"Startseite"},"content":{"rendered":"<h2 style=\"text-align: left;\"><span style=\"color: #006600;\">Herzlich Willkommen!<\/span><\/h2>\n<p>Im Mammut-Keller verw\u00f6hnen wir Sie mit Traisentaler Qualit\u00e4tsweinen und traditionellen Schmankerln. Egal ob mit der Familie oder Freunden, hier f\u00fchlen Sie sich wohl.<\/p>\n<p style=\"text-align: left;\"><span style=\"color: #006600;\">Auf Ihren Besuch freut sich<\/span><\/p>\n<p style=\"text-align: left;\"><span style=\"color: #006600;\">Das Mammut-Keller-Team<\/span><\/p>\n<p>&nbsp;<\/p>\n<p style=\"text-align: left;\"><span style=\"color: #000000;\">Jeden ersten Freitag im Monat findet unser Weinverkauf mit\u00a0 Weinverkostung und einer kleinen Speisekarte in gem\u00fctlicher Atmosph\u00e4re ab 16 Uhr statt.\u00a0<\/span><\/p>\n<h3><span style=\"color: #999999;\"><em>\u00a0<\/em><\/span><\/h3>\n<h3 style=\"text-align: left;\"><span style=\"color: #006600;\">\u00a0<\/span><\/h3>\n\n\n<p><\/p>\n","protected":false},"excerpt":{"rendered":"<p>Herzlich Willkommen! Im Mammut-Keller verw\u00f6hnen wir Sie mit Traisentaler Qualit\u00e4tsweinen und traditionellen Schmankerln. Egal ob mit der Familie oder Freunden,&#8230; <a href=\"https:\/\/mammut-keller.at\/\">read more<\/a><\/p>\n","protected":false},"author":1,"featured_media":0,"parent":0,"menu_order":0,"comment_status":"closed","ping_status":"closed","template":"","meta":{"footnotes":""},"class_list":["post-125","page","type-page","status-publish","hentry"],"_links":{"self":[{"href":"https:\/\/mammut-keller.at\/index.php\/wp-json\/wp\/v2\/pages\/125","targetHints":{"allow":["GET"]}}],"collection":[{"href":"https:\/\/mammut-keller.at\/index.php\/wp-json\/wp\/v2\/pages"}],"about":[{"href":"https:\/\/mammut-keller.at\/index.php\/wp-json\/wp\/v2\/types\/page"}],"author":[{"embeddable":true,"href":"https:\/\/mammut-keller.at\/index.php\/wp-json\/wp\/v2\/users\/1"}],"replies":[{"embeddable":true,"href":"https:\/\/mammut-keller.at\/index.php\/wp-json\/wp\/v2\/comments?post=125"}],"version-history":[{"count":123,"href":"https:\/\/mammut-keller.at\/index.php\/wp-json\/wp\/v2\/pages\/125\/revisions"}],"predecessor-version":[{"id":789,"href":"https:\/\/mammut-keller.at\/index.php\/wp-json\/wp\/v2\/pages\/125\/revisions\/789"}],"wp:attachment":[{"href":"https:\/\/mammut-keller.at\/index.php\/wp-json\/wp\/v2\/media?parent=125"}],"curies":[{"name":"wp","href":"https:\/\/api.w.org\/{rel}","templated":true}]}}