{"id":28,"date":"2015-11-06T10:52:00","date_gmt":"2015-11-06T09:52:00","guid":{"rendered":"http:\/\/mammut-keller.at\/?page_id=28"},"modified":"2020-07-21T08:31:08","modified_gmt":"2020-07-21T06:31:08","slug":"galerie","status":"publish","type":"page","link":"https:\/\/mammut-keller.at\/index.php\/galerie\/","title":{"rendered":"Galerie"},"content":{"rendered":"<h2><span style=\"color: #006600;\">Galerie<\/span><\/h2>\n<h4>3 X Gold bei der Nieder\u00f6sterreichischen Weinpr\u00e4mierung 2020<\/h4>\n<p><a href=\"https:\/\/mammut-keller.at\/wp-content\/uploads\/2020\/07\/12.jpg\"><img loading=\"lazy\" decoding=\"async\" class=\"alignnone size-full wp-image-725\" src=\"https:\/\/mammut-keller.at\/wp-content\/uploads\/2020\/07\/12.jpg\" alt=\"\" width=\"2346\" height=\"1908\" srcset=\"https:\/\/mammut-keller.at\/wp-content\/uploads\/2020\/07\/12.jpg 2346w, https:\/\/mammut-keller.at\/wp-content\/uploads\/2020\/07\/12-300x244.jpg 300w, https:\/\/mammut-keller.at\/wp-content\/uploads\/2020\/07\/12-768x625.jpg 768w, https:\/\/mammut-keller.at\/wp-content\/uploads\/2020\/07\/12-1024x833.jpg 1024w\" sizes=\"auto, (max-width: 2346px) 100vw, 2346px\" \/><\/a><\/p>\n<h4>Silvester im Mammut-Keller<\/h4>\n<p><a href=\"https:\/\/mammut-keller.at\/wp-content\/uploads\/2020\/01\/Silvester.jpg\"><img loading=\"lazy\" decoding=\"async\" class=\"alignnone size-full wp-image-687\" src=\"https:\/\/mammut-keller.at\/wp-content\/uploads\/2020\/01\/Silvester.jpg\" alt=\"\" width=\"2016\" height=\"954\" srcset=\"https:\/\/mammut-keller.at\/wp-content\/uploads\/2020\/01\/Silvester.jpg 2016w, https:\/\/mammut-keller.at\/wp-content\/uploads\/2020\/01\/Silvester-300x142.jpg 300w, https:\/\/mammut-keller.at\/wp-content\/uploads\/2020\/01\/Silvester-768x363.jpg 768w, https:\/\/mammut-keller.at\/wp-content\/uploads\/2020\/01\/Silvester-1024x485.jpg 1024w\" sizes=\"auto, (max-width: 2016px) 100vw, 2016px\" \/><\/a><\/p>\n<p><a href=\"https:\/\/mammut-keller.at\/wp-content\/uploads\/2020\/01\/Silvester-4.jpg\"><img loading=\"lazy\" decoding=\"async\" class=\"alignnone size-full wp-image-685\" src=\"https:\/\/mammut-keller.at\/wp-content\/uploads\/2020\/01\/Silvester-4.jpg\" alt=\"\" width=\"756\" height=\"358\" srcset=\"https:\/\/mammut-keller.at\/wp-content\/uploads\/2020\/01\/Silvester-4.jpg 756w, https:\/\/mammut-keller.at\/wp-content\/uploads\/2020\/01\/Silvester-4-300x142.jpg 300w\" sizes=\"auto, (max-width: 756px) 100vw, 756px\" \/><\/a> <a href=\"https:\/\/mammut-keller.at\/wp-content\/uploads\/2020\/01\/Silvester-5.jpg\"><img loading=\"lazy\" decoding=\"async\" class=\"alignnone size-full wp-image-686\" src=\"https:\/\/mammut-keller.at\/wp-content\/uploads\/2020\/01\/Silvester-5.jpg\" alt=\"\" width=\"720\" height=\"341\" srcset=\"https:\/\/mammut-keller.at\/wp-content\/uploads\/2020\/01\/Silvester-5.jpg 720w, https:\/\/mammut-keller.at\/wp-content\/uploads\/2020\/01\/Silvester-5-300x142.jpg 300w\" sizes=\"auto, (max-width: 720px) 100vw, 720px\" \/><\/a><\/p>\n<h4><a href=\"https:\/\/mammut-keller.at\/wp-content\/uploads\/2020\/01\/Silvester-3.jpg\"><img loading=\"lazy\" decoding=\"async\" class=\"alignnone size-full wp-image-684\" src=\"https:\/\/mammut-keller.at\/wp-content\/uploads\/2020\/01\/Silvester-3.jpg\" alt=\"\" width=\"756\" height=\"358\" srcset=\"https:\/\/mammut-keller.at\/wp-content\/uploads\/2020\/01\/Silvester-3.jpg 756w, https:\/\/mammut-keller.at\/wp-content\/uploads\/2020\/01\/Silvester-3-300x142.jpg 300w\" sizes=\"auto, (max-width: 756px) 100vw, 756px\" \/><\/a><\/h4>\n<h4>Unser Gr\u00fcner Veltliner DAC mit der Auszeichnung N\u00d6 Gold 2019<\/h4>\n<h2><a href=\"https:\/\/mammut-keller.at\/wp-content\/uploads\/2019\/09\/60160822_1125766530957756_1065318272146079744_n.jpg\"><img loading=\"lazy\" decoding=\"async\" class=\"alignnone  wp-image-649\" src=\"https:\/\/mammut-keller.at\/wp-content\/uploads\/2019\/09\/60160822_1125766530957756_1065318272146079744_n.jpg\" alt=\"\" width=\"333\" height=\"446\" srcset=\"https:\/\/mammut-keller.at\/wp-content\/uploads\/2019\/09\/60160822_1125766530957756_1065318272146079744_n.jpg 1504w, https:\/\/mammut-keller.at\/wp-content\/uploads\/2019\/09\/60160822_1125766530957756_1065318272146079744_n-224x300.jpg 224w, https:\/\/mammut-keller.at\/wp-content\/uploads\/2019\/09\/60160822_1125766530957756_1065318272146079744_n-768x1029.jpg 768w, https:\/\/mammut-keller.at\/wp-content\/uploads\/2019\/09\/60160822_1125766530957756_1065318272146079744_n-764x1024.jpg 764w\" sizes=\"auto, (max-width: 333px) 100vw, 333px\" \/><\/a><\/h2>\n<p><a href=\"https:\/\/mammut-keller.at\/wp-content\/uploads\/2015\/11\/Klein.gif\" rel=\"attachment wp-att-406\"><img loading=\"lazy\" decoding=\"async\" class=\"alignnone size-full wp-image-406\" src=\"https:\/\/mammut-keller.at\/wp-content\/uploads\/2015\/11\/Klein.gif\" alt=\"Klein\" width=\"44\" height=\"57\" \/><\/a><\/p>\n<h4>Geburtstagsfeier August 2019<\/h4>\n<p><a href=\"https:\/\/mammut-keller.at\/wp-content\/uploads\/2019\/09\/69767495_2741819349184688_71983630406123520_n.jpg\"><img loading=\"lazy\" decoding=\"async\" class=\"alignnone size-full wp-image-647\" src=\"https:\/\/mammut-keller.at\/wp-content\/uploads\/2019\/09\/69767495_2741819349184688_71983630406123520_n.jpg\" alt=\"\" width=\"1728\" height=\"819\" srcset=\"https:\/\/mammut-keller.at\/wp-content\/uploads\/2019\/09\/69767495_2741819349184688_71983630406123520_n.jpg 1728w, https:\/\/mammut-keller.at\/wp-content\/uploads\/2019\/09\/69767495_2741819349184688_71983630406123520_n-300x142.jpg 300w, https:\/\/mammut-keller.at\/wp-content\/uploads\/2019\/09\/69767495_2741819349184688_71983630406123520_n-768x364.jpg 768w, https:\/\/mammut-keller.at\/wp-content\/uploads\/2019\/09\/69767495_2741819349184688_71983630406123520_n-1024x485.jpg 1024w\" sizes=\"auto, (max-width: 1728px) 100vw, 1728px\" \/><\/a> <a href=\"https:\/\/mammut-keller.at\/wp-content\/uploads\/2019\/09\/69979821_611770772680047_5436168603655208960_n.jpg\"><img loading=\"lazy\" decoding=\"async\" class=\"alignnone  wp-image-648\" src=\"https:\/\/mammut-keller.at\/wp-content\/uploads\/2019\/09\/69979821_611770772680047_5436168603655208960_n.jpg\" alt=\"\" width=\"315\" height=\"673\" srcset=\"https:\/\/mammut-keller.at\/wp-content\/uploads\/2019\/09\/69979821_611770772680047_5436168603655208960_n.jpg 944w, https:\/\/mammut-keller.at\/wp-content\/uploads\/2019\/09\/69979821_611770772680047_5436168603655208960_n-140x300.jpg 140w, https:\/\/mammut-keller.at\/wp-content\/uploads\/2019\/09\/69979821_611770772680047_5436168603655208960_n-768x1640.jpg 768w, https:\/\/mammut-keller.at\/wp-content\/uploads\/2019\/09\/69979821_611770772680047_5436168603655208960_n-479x1024.jpg 479w\" sizes=\"auto, (max-width: 315px) 100vw, 315px\" \/><\/a><\/p>\n<h2><a href=\"https:\/\/mammut-keller.at\/wp-content\/uploads\/2015\/11\/Klein.gif\" rel=\"attachment wp-att-406\"><img loading=\"lazy\" decoding=\"async\" class=\"alignnone size-full wp-image-406\" src=\"https:\/\/mammut-keller.at\/wp-content\/uploads\/2015\/11\/Klein.gif\" alt=\"Klein\" width=\"44\" height=\"57\" \/><\/a><\/h2>\n<h4>Der Innenbereich<\/h4>\n<p><a href=\"https:\/\/mammut-keller.at\/wp-content\/uploads\/2015\/11\/IMG_9567.gif\"><img loading=\"lazy\" decoding=\"async\" class=\"size-full wp-image-346\" src=\"https:\/\/mammut-keller.at\/wp-content\/uploads\/2015\/11\/IMG_9567.gif\" alt=\"\" width=\"594\" height=\"425\" \/><\/a><\/p>\n<h6><a href=\"https:\/\/mammut-keller.at\/wp-content\/uploads\/2015\/11\/IMG_9564.jpg\"><img loading=\"lazy\" decoding=\"async\" class=\"alignnone size-full wp-image-241\" src=\"https:\/\/mammut-keller.at\/wp-content\/uploads\/2015\/11\/IMG_9564.jpg\" alt=\"Schank\" width=\"1024\" height=\"697\" srcset=\"https:\/\/mammut-keller.at\/wp-content\/uploads\/2015\/11\/IMG_9564.jpg 1024w, https:\/\/mammut-keller.at\/wp-content\/uploads\/2015\/11\/IMG_9564-300x204.jpg 300w\" sizes=\"auto, (max-width: 1024px) 100vw, 1024px\" \/><\/a>Die Schank<\/h6>\n<h6><a href=\"https:\/\/mammut-keller.at\/wp-content\/uploads\/2019\/09\/20190614_114648.jpg\"><img loading=\"lazy\" decoding=\"async\" class=\"alignnone size-full wp-image-650\" src=\"https:\/\/mammut-keller.at\/wp-content\/uploads\/2019\/09\/20190614_114648.jpg\" alt=\"\" width=\"4032\" height=\"3024\" srcset=\"https:\/\/mammut-keller.at\/wp-content\/uploads\/2019\/09\/20190614_114648.jpg 4032w, https:\/\/mammut-keller.at\/wp-content\/uploads\/2019\/09\/20190614_114648-300x225.jpg 300w, https:\/\/mammut-keller.at\/wp-content\/uploads\/2019\/09\/20190614_114648-768x576.jpg 768w, https:\/\/mammut-keller.at\/wp-content\/uploads\/2019\/09\/20190614_114648-1024x768.jpg 1024w\" sizes=\"auto, (max-width: 4032px) 100vw, 4032px\" \/><\/a>Neue Sitzgarnituren &#8211; Fr\u00fchjahr 2019<\/h6>\n<h2><a href=\"https:\/\/mammut-keller.at\/wp-content\/uploads\/2015\/11\/Klein.gif\" rel=\"attachment wp-att-406\"><img loading=\"lazy\" decoding=\"async\" class=\"alignnone size-full wp-image-406\" src=\"https:\/\/mammut-keller.at\/wp-content\/uploads\/2015\/11\/Klein.gif\" alt=\"Klein\" width=\"44\" height=\"57\" \/><\/a><\/h2>\n<h4>Money meets wine 2018 in der Sparkasse Herzogenburg<\/h4>\n<p><a href=\"https:\/\/mammut-keller.at\/wp-content\/uploads\/2019\/09\/38967009_226504034677647_5456707523811737600_n.jpg\"><img loading=\"lazy\" decoding=\"async\" class=\"alignnone size-full wp-image-651\" src=\"https:\/\/mammut-keller.at\/wp-content\/uploads\/2019\/09\/38967009_226504034677647_5456707523811737600_n.jpg\" alt=\"\" width=\"1992\" height=\"1121\" srcset=\"https:\/\/mammut-keller.at\/wp-content\/uploads\/2019\/09\/38967009_226504034677647_5456707523811737600_n.jpg 1992w, https:\/\/mammut-keller.at\/wp-content\/uploads\/2019\/09\/38967009_226504034677647_5456707523811737600_n-300x169.jpg 300w, https:\/\/mammut-keller.at\/wp-content\/uploads\/2019\/09\/38967009_226504034677647_5456707523811737600_n-768x432.jpg 768w, https:\/\/mammut-keller.at\/wp-content\/uploads\/2019\/09\/38967009_226504034677647_5456707523811737600_n-1024x576.jpg 1024w\" sizes=\"auto, (max-width: 1992px) 100vw, 1992px\" \/><\/a><\/p>\n","protected":false},"excerpt":{"rendered":"<p>Galerie 3 X Gold bei der Nieder\u00f6sterreichischen Weinpr\u00e4mierung 2020 Silvester im Mammut-Keller Unser Gr\u00fcner Veltliner DAC mit der Auszeichnung N\u00d6&#8230; <a href=\"https:\/\/mammut-keller.at\/index.php\/galerie\/\">read more<\/a><\/p>\n","protected":false},"author":1,"featured_media":0,"parent":0,"menu_order":0,"comment_status":"closed","ping_status":"closed","template":"","meta":{"footnotes":""},"class_list":["post-28","page","type-page","status-publish","hentry"],"_links":{"self":[{"href":"https:\/\/mammut-keller.at\/index.php\/wp-json\/wp\/v2\/pages\/28","targetHints":{"allow":["GET"]}}],"collection":[{"href":"https:\/\/mammut-keller.at\/index.php\/wp-json\/wp\/v2\/pages"}],"about":[{"href":"https:\/\/mammut-keller.at\/index.php\/wp-json\/wp\/v2\/types\/page"}],"author":[{"embeddable":true,"href":"https:\/\/mammut-keller.at\/index.php\/wp-json\/wp\/v2\/users\/1"}],"replies":[{"embeddable":true,"href":"https:\/\/mammut-keller.at\/index.php\/wp-json\/wp\/v2\/comments?post=28"}],"version-history":[{"count":43,"href":"https:\/\/mammut-keller.at\/index.php\/wp-json\/wp\/v2\/pages\/28\/revisions"}],"predecessor-version":[{"id":729,"href":"https:\/\/mammut-keller.at\/index.php\/wp-json\/wp\/v2\/pages\/28\/revisions\/729"}],"wp:attachment":[{"href":"https:\/\/mammut-keller.at\/index.php\/wp-json\/wp\/v2\/media?parent=28"}],"curies":[{"name":"wp","href":"https:\/\/api.w.org\/{rel}","templated":true}]}}